{"id":6120,"date":"2022-12-25T17:10:09","date_gmt":"2022-12-25T16:10:09","guid":{"rendered":"https:\/\/radio-aviva.com\/nimes\/faites-un-don\/"},"modified":"2025-03-05T16:37:17","modified_gmt":"2025-03-05T15:37:17","slug":"faites-un-don","status":"publish","type":"page","link":"https:\/\/radio-aviva.com\/nimes\/faites-un-don\/","title":{"rendered":"Faites un don"},"content":{"rendered":"\t\t<div data-elementor-type=\"wp-page\" data-elementor-id=\"6120\" class=\"elementor elementor-6120\">\n\t\t\t\t\t\t<section class=\"elementor-section elementor-top-section elementor-element elementor-element-8449e85 elementor-section-boxed elementor-section-height-default elementor-section-height-default\" data-id=\"8449e85\" data-element_type=\"section\" data-e-type=\"section\">\n\t\t\t\t\t\t<div class=\"elementor-container elementor-column-gap-default\">\n\t\t\t\t\t<div class=\"elementor-column elementor-col-100 elementor-top-column elementor-element elementor-element-683e13e\" data-id=\"683e13e\" data-element_type=\"column\" data-e-type=\"column\">\n\t\t\t<div class=\"elementor-widget-wrap elementor-element-populated\">\n\t\t\t\t\t\t<div class=\"elementor-element elementor-element-6218ae8 elementor-widget__width-initial elementor-widget elementor-widget-html\" data-id=\"6218ae8\" data-element_type=\"widget\" data-e-type=\"widget\" data-widget_type=\"html.default\">\n\t\t\t\t<div class=\"elementor-widget-container\">\n\t\t\t\t\t<!DOCTYPE html>\r\n<html lang=\"fr\">\r\n<head>\r\n    <meta charset=\"UTF-8\">\r\n    <meta name=\"viewport\" content=\"width=device-width, initial-scale=1.0\">\r\n    <title>Soutenez Radio Aviva<\/title>\r\n    <style>\r\n        @import url('https:\/\/fonts.googleapis.com\/css2?family=Poppins:ital,wght@0,100;0,200;0,300;0,400;0,500;0,600;0,700;0,800;0,900;1,100;1,200;1,300;1,400;1,500;1,600;1,700;1,800;1,900&display=swap');\r\n\r\n        \/* Style global *\/\r\n        body {\r\n            font-family: 'Poppins', sans-serif;\r\n            background-color: #121212; \/* Fond noir tr\u00e8s sombre *\/\r\n            color: #ECF0F1; \/* Blanc clair *\/\r\n            font-weight: 700;\r\n            padding: 20px;\r\n            overflow-x: hidden;\r\n        }\r\n\r\n        \/* Cibler uniquement la section don *\/\r\n        .don-page h1 {\r\n            font-size: 2.5rem;\r\n            color: #ECF0F1;\r\n            text-align: center;\r\n            margin-top: 50px;\r\n        }\r\n\r\n        .don-page p {\r\n            font-size: 1rem;\r\n            color: #ECF0F1;\r\n            line-height: 1.6;\r\n            text-align: center;\r\n            margin-bottom: 20px;\r\n        }\r\n\r\n        .don-page ul {\r\n            font-size: 1rem;\r\n            color: #ECF0F1;\r\n            list-style-type: none;\r\n            padding-left: 0;\r\n            margin: 20px 0;\r\n        }\r\n\r\n        .don-page ul li {\r\n            margin: 15px 0;\r\n        }\r\n\r\n        .don-page a {\r\n            color: #121212; \/* Fond noir pour le lien *\/\r\n            text-decoration: none;\r\n            background-color: #ECF0F1; \/* Fond blanc pour le lien *\/\r\n            padding: 5px 25px;\r\n            border-radius: 5px;\r\n            font-weight: bold;\r\n            text-align: center;\r\n            display: inline-block;\r\n            margin-top: 20px;\r\n            transition: all 0.3s ease;\r\n        }\r\n\r\n        .don-page a:hover {\r\n            background-color: #34495E; \/* Gris fonc\u00e9 pour un effet plus doux *\/\r\n            color: #ECF0F1; \/* Changer la couleur du texte lors du survol *\/\r\n            transform: scale(1.05);\r\n        }\r\n\r\n        .don-page a:focus {\r\n            outline: none;\r\n            box-shadow: 0 0 10px #ECF0F1; \/* Ombre lumineuse *\/\r\n        }\r\n\r\n        .don-page .home-img {\r\n            display: block;\r\n            margin: 30px auto;\r\n            text-align: center;\r\n        }\r\n\r\n        .don-page .home-img img {\r\n            width: 350px;\r\n            height: 350px;\r\n            object-fit: cover;\r\n            border-radius: 50%;\r\n        }\r\n\r\n        \/* Overlay pour effet de fond *\/\r\n         .overlay_second {\r\n             color: #rgb(0,0,0)\r\n         \r\n          \r\n        }\r\n\r\n      \r\n\r\n        \/* Ajouter une r\u00e8gle sp\u00e9cifique pour souligner le texte *\/\r\n        .don-page .u {\r\n            text-decoration: underline; \/* Souligner le texte *\/\r\n            color: #fff;\r\n            font-size: 30px;\r\n        }\r\n\r\n    <\/style>\r\n<\/head>\r\n<body>\r\n\r\n    <div class=\"overlay_second\"><\/div>\r\n\r\n    <main class=\"don-page\"> <!-- Ajout de la classe \"don-page\" pour isoler le style -->\r\n        <div class=\"home\">\r\n            <div class=\"home-information\">\r\n                <h1><\/h1>\r\n               \r\n                <p class=\"u\">Soutenez Radio Aviva en faisant un don d\u00e9ductible  <br> de vos  imp\u00f4ts (de 66%)\r\n                <\/p>\r\n\r\n\r\n            <ul><li>    <p>Vos encouragements incitent notre \u00e9quipe \u00e0 se d\u00e9passer chaque jour pour am\u00e9liorer les programmes Radio Aviva diffus\u00e9s sur le 88.0 FM, DAB +, sur Internet et depuis votre smartphone.<\/p>\r\n            <\/li>\r\n            <\/ul>\r\n               \r\n               <ul><li> <p>Notre radio est une association culturelle reconnue d'utilit\u00e9 publique et peut recevoir des dons et legs \u00e0 ce titre. Votre don \u00e0 Radio Aviva est d\u00e9ductible de vos imp\u00f4ts. Il ouvre droit \u00e0 une d\u00e9duction fiscale \u00e9gale \u00e0 66% de son montant et dans la limite de 20% de votre imposition.<\/p>\r\n\r\n            <\/li>\r\n                <ul>\r\n                    <li>\r\n\r\nChaque geste compte et vos dons b\u00e9n\u00e9ficient d\u2019avantages fiscaux : un don de 100 \u20ac vous co\u00fbte 34\u20ac apr\u00e8s d\u00e9duction fiscale (cerfa \u00e9mis). Pour nous soutenir, rendez vous sur lien suivant : Soutenez le d\u00e9veloppement r\u00e9gional de Radio Aviva ! (helloasso.com)<\/li>\r\n                   \r\n                <\/ul>\r\n\r\n                <p class=\"u\">Comment faire un don ?<\/p>\r\n                <p>Vous pouvez proc\u00e9der de 2 fa\u00e7ons diff\u00e9rentes :<\/p>\r\n                <ul>\r\n                    <li>Par ch\u00e8que, \u00e0 envoyer ou d\u00e9poser avec le bulletin d'information \u00e0 t\u00e9l\u00e9charger ici : <a href=\"#\">DOC CERFA - Bulletin<\/a> et vous recevrez votre re\u00e7u CERFA par retour de courrier.<\/li>\r\n                    <li>Sur notre page <a href=\"https:\/\/www.allodons.fr\/RADIO-AVIVA\" target=\"_blank\">www.allodons.fr\/RADIO-AVIVA<\/a> avec retour de re\u00e7u CERFA instantan\u00e9.<\/li>\r\n                <\/ul>\r\n\r\n                <a href=\"https:\/\/www.allodons.fr\/RADIO-AVIVA\" class=\"home-button\">Faire un don maintenant<\/a>\r\n            <\/div>\r\n\r\n            <div class=\"home-img\">\r\n                <!-- Image d'illustration -->\r\n            <\/div>\r\n        <\/div>\r\n\r\n        <p>Nous vous remercions par avance de votre engagement \u00e0 nos c\u00f4t\u00e9s,<\/p>\r\n        <p>Bien cordialement,<\/p>\r\n        <p>Le Conseil d'Administration<\/p>\r\n    <\/main>\r\n\r\n<\/body>\r\n<\/html>\r\n\t\t\t\t<\/div>\n\t\t\t\t<\/div>\n\t\t\t\t\t<\/div>\n\t\t<\/div>\n\t\t\t\t\t<\/div>\n\t\t<\/section>\n\t\t\t\t<\/div>\n\t\t","protected":false},"excerpt":{"rendered":"<p>Soutenez Radio Aviva Soutenez Radio Aviva en faisant un don d\u00e9ductible de vos imp\u00f4ts (de 66%) Vos encouragements incitent notre \u00e9quipe \u00e0 se d\u00e9passer chaque jour pour am\u00e9liorer les programmes Radio Aviva diffus\u00e9s sur le 88.0 FM, DAB +, sur Internet et depuis votre smartphone. Notre radio est une association ...<\/p>\n","protected":false},"author":1,"featured_media":0,"parent":0,"menu_order":0,"comment_status":"closed","ping_status":"open","template":"","meta":{"footnotes":""},"folder":[],"class_list":["post-6120","page","type-page","status-publish","hentry"],"_links":{"self":[{"href":"https:\/\/radio-aviva.com\/nimes\/wp-json\/wp\/v2\/pages\/6120","targetHints":{"allow":["GET"]}}],"collection":[{"href":"https:\/\/radio-aviva.com\/nimes\/wp-json\/wp\/v2\/pages"}],"about":[{"href":"https:\/\/radio-aviva.com\/nimes\/wp-json\/wp\/v2\/types\/page"}],"author":[{"embeddable":true,"href":"https:\/\/radio-aviva.com\/nimes\/wp-json\/wp\/v2\/users\/1"}],"replies":[{"embeddable":true,"href":"https:\/\/radio-aviva.com\/nimes\/wp-json\/wp\/v2\/comments?post=6120"}],"version-history":[{"count":6,"href":"https:\/\/radio-aviva.com\/nimes\/wp-json\/wp\/v2\/pages\/6120\/revisions"}],"predecessor-version":[{"id":9544,"href":"https:\/\/radio-aviva.com\/nimes\/wp-json\/wp\/v2\/pages\/6120\/revisions\/9544"}],"wp:attachment":[{"href":"https:\/\/radio-aviva.com\/nimes\/wp-json\/wp\/v2\/media?parent=6120"}],"wp:term":[{"taxonomy":"folder","embeddable":true,"href":"https:\/\/radio-aviva.com\/nimes\/wp-json\/wp\/v2\/folder?post=6120"}],"curies":[{"name":"wp","href":"https:\/\/api.w.org\/{rel}","templated":true}]}}