{"id":6149,"date":"2022-12-23T17:26:08","date_gmt":"2022-12-23T15:26:08","guid":{"rendered":"https:\/\/radio-aviva.com\/nimes\/publicite\/"},"modified":"2023-08-27T20:44:19","modified_gmt":"2023-08-27T18:44:19","slug":"faites-votre-publicite","status":"publish","type":"page","link":"https:\/\/radio-aviva.com\/nimes\/faites-votre-publicite\/","title":{"rendered":"Faites votre publicit\u00e9"},"content":{"rendered":"<h1 style=\"text-align: center;\">Spots publicitaires<\/h1>\n<h1 style=\"text-align: center;\">D\u00e9veloppez votre entreprise !<\/h1>\n<p style=\"text-align: center;\">En diffusant votre spot personnalis\u00e9 sur les ondes de Radio Aviva,<\/p>\n<p style=\"text-align: center;\">touchez directement les auditeurs !<\/p>\n<p style=\"text-align: center;\">V\u00e9hiculez votre image aupr\u00e8s de publics cibl\u00e9s<\/p>\n<p style=\"text-align: center;\">et cr\u00e9ez de la proximit\u00e9 avec votre client\u00e8le.<\/p>\n<p style=\"text-align: center;\">Pour mettre en place une publicit\u00e9 sur les ondes Radio Aviva et profiter d&rsquo;une communication efficace, adressez votre demande par mail <a href=\"mailto:administration@radio-aviva.com\">administration@radio-aviva.com<\/a>\u00a004 67 79 28 88<\/p>\n","protected":false},"excerpt":{"rendered":"<p>Spots publicitaires D\u00e9veloppez votre entreprise ! En diffusant votre spot personnalis\u00e9 sur les ondes de Radio Aviva, touchez directement les auditeurs ! V\u00e9hiculez votre image aupr\u00e8s de publics cibl\u00e9s et cr\u00e9ez de la proximit\u00e9 avec votre client\u00e8le. Pour mettre en place une publicit\u00e9 sur les ondes Radio Aviva et profiter ...<\/p>\n","protected":false},"author":1,"featured_media":0,"parent":0,"menu_order":0,"comment_status":"closed","ping_status":"closed","template":"","meta":{"footnotes":""},"folder":[],"class_list":["post-6149","page","type-page","status-publish","hentry"],"_links":{"self":[{"href":"https:\/\/radio-aviva.com\/nimes\/wp-json\/wp\/v2\/pages\/6149","targetHints":{"allow":["GET"]}}],"collection":[{"href":"https:\/\/radio-aviva.com\/nimes\/wp-json\/wp\/v2\/pages"}],"about":[{"href":"https:\/\/radio-aviva.com\/nimes\/wp-json\/wp\/v2\/types\/page"}],"author":[{"embeddable":true,"href":"https:\/\/radio-aviva.com\/nimes\/wp-json\/wp\/v2\/users\/1"}],"replies":[{"embeddable":true,"href":"https:\/\/radio-aviva.com\/nimes\/wp-json\/wp\/v2\/comments?post=6149"}],"version-history":[{"count":0,"href":"https:\/\/radio-aviva.com\/nimes\/wp-json\/wp\/v2\/pages\/6149\/revisions"}],"wp:attachment":[{"href":"https:\/\/radio-aviva.com\/nimes\/wp-json\/wp\/v2\/media?parent=6149"}],"wp:term":[{"taxonomy":"folder","embeddable":true,"href":"https:\/\/radio-aviva.com\/nimes\/wp-json\/wp\/v2\/folder?post=6149"}],"curies":[{"name":"wp","href":"https:\/\/api.w.org\/{rel}","templated":true}]}}