{"id":7039,"date":"2022-12-25T15:00:02","date_gmt":"2022-12-25T14:00:02","guid":{"rendered":"https:\/\/radio-aviva.com\/nimes\/leclubaviva\/"},"modified":"2024-12-26T16:54:27","modified_gmt":"2024-12-26T15:54:27","slug":"leclubaviva","status":"publish","type":"page","link":"https:\/\/radio-aviva.com\/nimes\/leclubaviva\/","title":{"rendered":"Le Club Aviva"},"content":{"rendered":"<p style=\"text-align: center;\"><strong>Le Club Aviva vous offre le meilleur des sorties proches de chez vous.<\/strong><\/p>\n<p>Radio Aviva offre chaque ann\u00e9e aux membres du Club Aviva des invitations pour tous les grands \u00e9v\u00e9nements et soir\u00e9es incontournables.<\/p>\n<p style=\"text-align: justify;\">Radio Aviva vous permet de profiter du meilleur de la danse, de l&rsquo;op\u00e9ra, du cirque, du cin\u00e9ma etc&#8230;<\/p>\n<p style=\"text-align: justify;\">Pour correspondre au mieux \u00e0 vos envies et habitudes de sorties, le Club Aviva propose deux formules annuelles \u00e0 ses adh\u00e9rents :<\/p>\n<table style=\"border-collapse: collapse; width: 100%; height: 72px;\">\n<tbody>\n<tr style=\"height: 24px;\">\n<td style=\"width: 50%; height: 24px; text-align: center;\">La formule Aviva&rsquo;\u00e9vasion<\/td>\n<td style=\"width: 50%; height: 24px; text-align: center;\">La formule Aviva&rsquo;duo<\/td>\n<\/tr>\n<tr style=\"height: 24px;\">\n<td style=\"width: 50%; height: 24px; text-align: center;\">B\u00e9n\u00e9ficiez d&rsquo;une invitation par spectacle\u00a0 !*<\/td>\n<td style=\"width: 50%; height: 24px; text-align: center;\">B\u00e9n\u00e9ficiez de 2 invitations par spectacle !*<\/td>\n<\/tr>\n<tr style=\"height: 24px;\">\n<td style=\"width: 50%; height: 24px; text-align: center;\">50\u20ac<\/td>\n<td style=\"width: 50%; height: 24px; text-align: center;\">80\u20ac<\/td>\n<\/tr>\n<\/tbody>\n<\/table>\n<p style=\"text-align: center;\">(* Dans la limite des places disponibles &#8211; en 2018 plus de 1100 invitations ont \u00e9t\u00e9 offertes)<\/p>\n<p style=\"text-align: justify;\">Quelle que soit la formule que vous choisirez, \u00e9vasion \u00e0 50\u20ac ou duo \u00e0 80\u20ac vous serez gagnants et profiterez du statut privil\u00e9gi\u00e9 de membre du Club Aviva lors des \u00e9v\u00e9nements partenaires de Radio Aviva.<\/p>\n<p style=\"text-align: center;\">N&rsquo;h\u00e9sitez plus et rejoignez le Club Aviva !<\/p>\n<p><a href=\"https:\/\/www.helloasso.com\/associations\/radio-aviva\/adhesions\/club-aviva-1\">Cliquez ici pour adh\u00e9rer au Club Aviva en ligne (Paiement S\u00e9curis\u00e9)<\/a><\/p>\n","protected":false},"excerpt":{"rendered":"<p>Le Club Aviva vous offre le meilleur des sorties proches de chez vous. Radio Aviva offre chaque ann\u00e9e aux membres du Club Aviva des invitations pour tous les grands \u00e9v\u00e9nements et soir\u00e9es incontournables. Radio Aviva vous permet de profiter du meilleur de la danse, de l&rsquo;op\u00e9ra, du cirque, du cin\u00e9ma ...<\/p>\n","protected":false},"author":1,"featured_media":0,"parent":0,"menu_order":0,"comment_status":"closed","ping_status":"closed","template":"","meta":{"footnotes":""},"folder":[],"class_list":["post-7039","page","type-page","status-publish","hentry"],"_links":{"self":[{"href":"https:\/\/radio-aviva.com\/nimes\/wp-json\/wp\/v2\/pages\/7039","targetHints":{"allow":["GET"]}}],"collection":[{"href":"https:\/\/radio-aviva.com\/nimes\/wp-json\/wp\/v2\/pages"}],"about":[{"href":"https:\/\/radio-aviva.com\/nimes\/wp-json\/wp\/v2\/types\/page"}],"author":[{"embeddable":true,"href":"https:\/\/radio-aviva.com\/nimes\/wp-json\/wp\/v2\/users\/1"}],"replies":[{"embeddable":true,"href":"https:\/\/radio-aviva.com\/nimes\/wp-json\/wp\/v2\/comments?post=7039"}],"version-history":[{"count":1,"href":"https:\/\/radio-aviva.com\/nimes\/wp-json\/wp\/v2\/pages\/7039\/revisions"}],"predecessor-version":[{"id":9381,"href":"https:\/\/radio-aviva.com\/nimes\/wp-json\/wp\/v2\/pages\/7039\/revisions\/9381"}],"wp:attachment":[{"href":"https:\/\/radio-aviva.com\/nimes\/wp-json\/wp\/v2\/media?parent=7039"}],"wp:term":[{"taxonomy":"folder","embeddable":true,"href":"https:\/\/radio-aviva.com\/nimes\/wp-json\/wp\/v2\/folder?post=7039"}],"curies":[{"name":"wp","href":"https:\/\/api.w.org\/{rel}","templated":true}]}}