{"id":7068,"date":"2022-12-25T18:07:37","date_gmt":"2022-12-25T16:07:37","guid":{"rendered":"https:\/\/radio-aviva.com\/nimes\/leclubaviva\/le-club-aviva-souscription-en-ligne-paiement-securise-paypal-valide\/"},"modified":"2023-08-13T20:48:01","modified_gmt":"2023-08-13T18:48:01","slug":"le-club-aviva-souscription-en-ligne-paiement-securise-paypal-valide","status":"publish","type":"page","link":"https:\/\/radio-aviva.com\/nimes\/leclubaviva\/le-club-aviva-souscription-en-ligne-paiement-securise-paypal-valide\/","title":{"rendered":"Le Club Aviva &#8211; Souscription en ligne &#8211; Paiement S\u00e9curis\u00e9 Paypal Valid\u00e9"},"content":{"rendered":"<p style=\"text-align: center;\"><strong>Votre paiement s\u00e9curis\u00e9 via Paypal a bien \u00e9t\u00e9 valid\u00e9e.<\/strong><\/p>\n<p style=\"text-align: center;\"><strong>Votre adh\u00e9sion au Club Aviva a bien \u00e9t\u00e9 prise en compte.<\/strong><\/p>\n","protected":false},"excerpt":{"rendered":"<p>Votre paiement s\u00e9curis\u00e9 via Paypal a bien \u00e9t\u00e9 valid\u00e9e. Votre adh\u00e9sion au Club Aviva a bien \u00e9t\u00e9 prise en compte.<\/p>\n","protected":false},"author":1,"featured_media":0,"parent":7039,"menu_order":0,"comment_status":"closed","ping_status":"closed","template":"","meta":{"footnotes":""},"folder":[],"class_list":["post-7068","page","type-page","status-publish","hentry"],"_links":{"self":[{"href":"https:\/\/radio-aviva.com\/nimes\/wp-json\/wp\/v2\/pages\/7068","targetHints":{"allow":["GET"]}}],"collection":[{"href":"https:\/\/radio-aviva.com\/nimes\/wp-json\/wp\/v2\/pages"}],"about":[{"href":"https:\/\/radio-aviva.com\/nimes\/wp-json\/wp\/v2\/types\/page"}],"author":[{"embeddable":true,"href":"https:\/\/radio-aviva.com\/nimes\/wp-json\/wp\/v2\/users\/1"}],"replies":[{"embeddable":true,"href":"https:\/\/radio-aviva.com\/nimes\/wp-json\/wp\/v2\/comments?post=7068"}],"version-history":[{"count":0,"href":"https:\/\/radio-aviva.com\/nimes\/wp-json\/wp\/v2\/pages\/7068\/revisions"}],"up":[{"embeddable":true,"href":"https:\/\/radio-aviva.com\/nimes\/wp-json\/wp\/v2\/pages\/7039"}],"wp:attachment":[{"href":"https:\/\/radio-aviva.com\/nimes\/wp-json\/wp\/v2\/media?parent=7068"}],"wp:term":[{"taxonomy":"folder","embeddable":true,"href":"https:\/\/radio-aviva.com\/nimes\/wp-json\/wp\/v2\/folder?post=7068"}],"curies":[{"name":"wp","href":"https:\/\/api.w.org\/{rel}","templated":true}]}}