{"id":4698,"date":"2020-06-03T13:45:07","date_gmt":"2020-06-03T13:45:07","guid":{"rendered":"https:\/\/demo.pro.radio\/wp1\/contacts\/"},"modified":"2025-03-05T15:40:22","modified_gmt":"2025-03-05T14:40:22","slug":"contacts","status":"publish","type":"page","link":"https:\/\/radio-aviva.com\/perpignan\/contacts\/","title":{"rendered":"Contacts"},"content":{"rendered":"\t\t<div data-elementor-type=\"wp-page\" data-elementor-id=\"4698\" class=\"elementor elementor-4698\">\n\t\t\t\t\t\t<section class=\"elementor-section elementor-top-section elementor-element elementor-element-43f17f5 elementor-section-stretched elementor-section-boxed elementor-section-height-default elementor-section-height-default\" data-id=\"43f17f5\" data-element_type=\"section\" data-e-type=\"section\" data-settings=\"{&quot;stretch_section&quot;:&quot;section-stretched&quot;,&quot;background_background&quot;:&quot;classic&quot;}\">\n\t\t\t\t\t\t<div class=\"elementor-container elementor-column-gap-wider\">\n\t\t\t\t\t<div class=\"elementor-column elementor-col-50 elementor-top-column elementor-element elementor-element-1332449\" data-id=\"1332449\" data-element_type=\"column\" data-e-type=\"column\">\n\t\t\t<div class=\"elementor-widget-wrap elementor-element-populated\">\n\t\t\t\t\t\t<div class=\"elementor-element elementor-element-747e962 elementor-widget elementor-widget-text-editor\" data-id=\"747e962\" data-element_type=\"widget\" data-e-type=\"widget\" data-widget_type=\"text-editor.default\">\n\t\t\t\t<div class=\"elementor-widget-container\">\n\t\t\t\t\t\t\t\t\t<p>Si vous avez une question, une suggestion, un commentaire ou toute information \u00e0 partager avec nous, n&rsquo;h\u00e9sitez pas \u00e0 nous contacter par le biais du formulaire, par t\u00e9l\u00e9phone, ou en envoyant un e-mail \u00e0 l&rsquo;une des adresses suivantes :<\/p><ul><li><strong>Pour toute demande concernant l&rsquo;antenne ou des invitations presse :<\/strong> <a rel=\"noopener\">redaction-perpignan@radio-aviva.com<\/a><\/li><li><strong>Pour obtenir des informations sur nos tarifs publicitaires :<\/strong> <a rel=\"noopener\">administration@radio-aviva.com<\/a><\/li><li><strong>Si vous souhaitez devenir partenaire, communiquer sur notre antenne ou figurer sur notre site :<\/strong> <a rel=\"noopener\">communications@radio-aviva.com<\/a><\/li><li><strong>Pour nous faire part de vos projets en cours ou \u00e0 venir :<\/strong> <a rel=\"noopener\">gestion-projets@radio-aviva.com<\/a><\/li><li><strong>En cas de question technique :<\/strong> <a rel=\"noopener\">technique@radio-aviva.com<\/a><\/li><li><strong>Pour des informations li\u00e9es \u00e0 la production et \u00e0 la programmation de notre antenne :<\/strong> <a rel=\"noopener\">production@radio-aviva.com<\/a><\/li><li><strong>Si vous souhaitez rejoindre l\u2019\u00e9quipe de Radio Aviva, devenir b\u00e9n\u00e9vole ou effectuer un stage :<\/strong> <a rel=\"noopener\">administration@radio-aviva.com<\/a><\/li><\/ul><p>Nous serons ravis de vous r\u00e9pondre dans les meilleurs d\u00e9lais !<\/p>\t\t\t\t\t\t\t\t<\/div>\n\t\t\t\t<\/div>\n\t\t\t\t<section class=\"elementor-section elementor-inner-section elementor-element elementor-element-b751ec2 elementor-section-boxed elementor-section-height-default elementor-section-height-default\" data-id=\"b751ec2\" data-element_type=\"section\" data-e-type=\"section\">\n\t\t\t\t\t\t<div class=\"elementor-container elementor-column-gap-default\">\n\t\t\t\t\t<div class=\"elementor-column elementor-col-33 elementor-inner-column elementor-element elementor-element-e90aea2\" data-id=\"e90aea2\" data-element_type=\"column\" data-e-type=\"column\">\n\t\t\t<div class=\"elementor-widget-wrap elementor-element-populated\">\n\t\t\t\t\t\t<div class=\"elementor-element elementor-element-cdcb57f elementor-icon-list--layout-traditional elementor-list-item-link-full_width elementor-widget elementor-widget-icon-list\" data-id=\"cdcb57f\" data-element_type=\"widget\" data-e-type=\"widget\" data-widget_type=\"icon-list.default\">\n\t\t\t\t<div class=\"elementor-widget-container\">\n\t\t\t\t\t\t\t<ul class=\"elementor-icon-list-items\">\n\t\t\t\t\t\t\t<li class=\"elementor-icon-list-item\">\n\t\t\t\t\t\t\t\t\t\t\t<span class=\"elementor-icon-list-icon\">\n\t\t\t\t\t\t\t<i aria-hidden=\"true\" class=\"fas fa-phone-alt\"><\/i>\t\t\t\t\t\t<\/span>\n\t\t\t\t\t\t\t\t\t\t<span class=\"elementor-icon-list-text\">+33 09 70 66 76 94<\/span>\n\t\t\t\t\t\t\t\t\t<\/li>\n\t\t\t\t\t\t<\/ul>\n\t\t\t\t\t\t<\/div>\n\t\t\t\t<\/div>\n\t\t\t\t\t<\/div>\n\t\t<\/div>\n\t\t\t\t<div class=\"elementor-column elementor-col-33 elementor-inner-column elementor-element elementor-element-7bdcb5b\" data-id=\"7bdcb5b\" data-element_type=\"column\" data-e-type=\"column\">\n\t\t\t<div class=\"elementor-widget-wrap elementor-element-populated\">\n\t\t\t\t\t\t<div class=\"elementor-element elementor-element-f623788 elementor-icon-list--layout-traditional elementor-list-item-link-full_width elementor-widget elementor-widget-icon-list\" data-id=\"f623788\" data-element_type=\"widget\" data-e-type=\"widget\" data-widget_type=\"icon-list.default\">\n\t\t\t\t<div class=\"elementor-widget-container\">\n\t\t\t\t\t\t\t<ul class=\"elementor-icon-list-items\">\n\t\t\t\t\t\t\t<li class=\"elementor-icon-list-item\">\n\t\t\t\t\t\t\t\t\t\t\t<span class=\"elementor-icon-list-icon\">\n\t\t\t\t\t\t\t<i aria-hidden=\"true\" class=\"fas fa-city\"><\/i>\t\t\t\t\t\t<\/span>\n\t\t\t\t\t\t\t\t\t\t<span class=\"elementor-icon-list-text\">7 rue Pierre Talrich, Perpignan 66000<\/span>\n\t\t\t\t\t\t\t\t\t<\/li>\n\t\t\t\t\t\t<\/ul>\n\t\t\t\t\t\t<\/div>\n\t\t\t\t<\/div>\n\t\t\t\t\t<\/div>\n\t\t<\/div>\n\t\t\t\t<div class=\"elementor-column elementor-col-33 elementor-inner-column elementor-element elementor-element-4d4ab82\" data-id=\"4d4ab82\" data-element_type=\"column\" data-e-type=\"column\">\n\t\t\t<div class=\"elementor-widget-wrap\">\n\t\t\t\t\t\t\t<\/div>\n\t\t<\/div>\n\t\t\t\t\t<\/div>\n\t\t<\/section>\n\t\t\t\t\t<\/div>\n\t\t<\/div>\n\t\t\t\t<div class=\"elementor-column elementor-col-50 elementor-top-column elementor-element elementor-element-5232620\" data-id=\"5232620\" data-element_type=\"column\" data-e-type=\"column\">\n\t\t\t<div class=\"elementor-widget-wrap elementor-element-populated\">\n\t\t\t\t\t\t<div class=\"elementor-element elementor-element-c272c1c elementor-widget elementor-widget-proradio-elementor-qt-cf7\" data-id=\"c272c1c\" data-element_type=\"widget\" data-e-type=\"widget\" data-widget_type=\"proradio-elementor-qt-cf7.default\">\n\t\t\t\t<div class=\"elementor-widget-container\">\n\t\t\t\t\t\n<div class=\"wpcf7 no-js\" id=\"wpcf7-f6134-o1\" lang=\"fr-FR\" dir=\"ltr\" data-wpcf7-id=\"6134\">\n<div class=\"screen-reader-response\"><p role=\"status\" aria-live=\"polite\" aria-atomic=\"true\"><\/p> <ul><\/ul><\/div>\n<form action=\"\/perpignan\/wp-json\/wp\/v2\/pages\/4698#wpcf7-f6134-o1\" method=\"post\" class=\"wpcf7-form init\" aria-label=\"Formulaire de contact\" novalidate=\"novalidate\" data-status=\"init\">\n<fieldset class=\"hidden-fields-container\"><input type=\"hidden\" name=\"_wpcf7\" value=\"6134\" \/><input type=\"hidden\" name=\"_wpcf7_version\" value=\"6.1.5\" \/><input type=\"hidden\" name=\"_wpcf7_locale\" value=\"fr_FR\" \/><input type=\"hidden\" name=\"_wpcf7_unit_tag\" value=\"wpcf7-f6134-o1\" \/><input type=\"hidden\" name=\"_wpcf7_container_post\" value=\"0\" \/><input type=\"hidden\" name=\"_wpcf7_posted_data_hash\" value=\"\" \/><input type=\"hidden\" name=\"_wpcf7_recaptcha_response\" value=\"\" \/>\n<\/fieldset>\n<p><label>Votre nom et pr\u00e9nom (obligatoire)<br \/>\n<span class=\"wpcf7-form-control-wrap\" data-name=\"nom-prenom\"><input size=\"40\" maxlength=\"400\" class=\"wpcf7-form-control wpcf7-text wpcf7-validates-as-required\" aria-required=\"true\" aria-invalid=\"false\" value=\"\" type=\"text\" name=\"nom-prenom\" \/><\/span><br \/>\n<\/label>\n<\/p>\n<p><label>Votre adresse mail (obligatoire)<br \/>\n<span class=\"wpcf7-form-control-wrap\" data-name=\"email\"><input size=\"40\" maxlength=\"400\" class=\"wpcf7-form-control wpcf7-email wpcf7-validates-as-required wpcf7-text wpcf7-validates-as-email\" aria-required=\"true\" aria-invalid=\"false\" value=\"\" type=\"email\" name=\"email\" \/><\/span><br \/>\n<\/label>\n<\/p>\n<p><label>Num\u00e9ro de t\u00e9l\u00e9phone<br \/>\n<span class=\"wpcf7-form-control-wrap\" data-name=\"tel-891\"><input size=\"40\" maxlength=\"15\" minlength=\"8\" class=\"wpcf7-form-control wpcf7-tel wpcf7-validates-as-required wpcf7-text wpcf7-validates-as-tel\" aria-required=\"true\" aria-invalid=\"false\" value=\"\" type=\"tel\" name=\"tel-891\" \/><\/span><br \/>\n<\/label>\n<\/p>\n<p><label>Votre message<br \/>\n<span class=\"wpcf7-form-control-wrap\" data-name=\"message\"><textarea cols=\"40\" rows=\"10\" maxlength=\"2000\" class=\"wpcf7-form-control wpcf7-textarea\" aria-invalid=\"false\" name=\"message\"><\/textarea><\/span><br \/>\n<\/label>\n<\/p>\n<p>Choisissez un destinataire\n<\/p>\n\n<!-- Menu d\u00e9roulant avec toutes les options des anciens boutons radio -->\n<p><span class=\"wpcf7-form-control-wrap\" data-name=\"destinataire\"><select class=\"wpcf7-form-control wpcf7-select\" aria-invalid=\"false\" name=\"destinataire\"><option value=\"Administration\">Administration<\/option><option value=\"R\u00e9daction\">R\u00e9daction<\/option><option value=\"Communication\">Communication<\/option><option value=\"Gestion_de_projet\">Gestion_de_projet<\/option><option value=\"Technique\">Technique<\/option><option value=\"Production\">Production<\/option><\/select><\/span>\n<\/p>\n\n<!-- Champ cach\u00e9 pour stocker l'adresse du destinataire -->\n<input class=\"wpcf7-form-control wpcf7-hidden\" value=\"\" type=\"hidden\" name=\"email_destinataire\" \/>\n<p><input class=\"wpcf7-form-control wpcf7-submit has-spinner\" type=\"submit\" value=\"Envoyer\" \/>\n<\/p>\n<p><script>\ndocument.addEventListener('wpcf7submit', function(event) {\n var destinataire = '';\n var select = document.querySelector('select[name=\"destinataire\"]');\n \n \/\/ Validation du champ \"Nom et pr\u00e9nom\" (interdiction des caract\u00e8res sp\u00e9ciaux comme <, >, etc.)\n var nomPrenom = document.querySelector('input[name=\"nom-prenom\"]').value;\n var nomPrenomRe = \/^[A-Za-z\u00c0-\u00ff\\s-]+$\/; \/\/ Accepte lettres, espaces et tirets\n if (!nomPrenomRe.test(nomPrenom)) {\n alert('Le nom et pr\u00e9nom ne doivent contenir que des lettres, des espaces et des tirets.');\n event.preventDefault(); \/\/ Emp\u00eache l'envoi du formulaire si validation \u00e9choue\n return false;\n }\n\n \/\/ Validation du champ \"Num\u00e9ro de t\u00e9l\u00e9phone\" (seuls les chiffres sont autoris\u00e9s)\n var tel = document.querySelector('input[name=\"tel-891\"]').value;\n var telRe = \/^[0-9]{8,15}$\/; \/\/ Accepte uniquement les chiffres, longueur entre 8 et 15\n if (!telRe.test(tel)) {\n alert('Le num\u00e9ro de t\u00e9l\u00e9phone doit contenir uniquement des chiffres (8 \u00e0 15 caract\u00e8res).');\n event.preventDefault(); \/\/ Emp\u00eache l'envoi du formulaire si validation \u00e9choue\n return false;\n }\n\n \/\/ Validation du champ \"Email\"\n var email = document.querySelector('input[name=\"email\"]').value;\n if (!validateEmail(email)) {\n alert('L\\'adresse e-mail est invalide.');\n event.preventDefault(); \/\/ Emp\u00eache l'envoi du formulaire si validation \u00e9choue\n return false;\n }\n\n \/\/ V\u00e9rification des options s\u00e9lectionn\u00e9es et attribution des emails\n if (select) {\n if (select.value === 'Administration') {\n destinataire = 'administration@radio-aviva.com';\n } else if (select.value === 'R\u00e9daction') {\n destinataire = 'redaction-perpignan@radio-aviva.com';\n } else if (select.value === 'Communication') {\n destinataire = 'communications@radio-aviva.com';\n } else if (select.value === 'Promotion_musicale') {\n destinataire = 'promomusic@radio-aviva.com';\n } else if (select.value === 'Gestion_de_projet') {\n destinataire = 'gestion-projets@radio-aviva.com';\n } else if (select.value === 'Technique') {\n destinataire = 'technique@radio-aviva.com';\n } else if (select.value === 'Production') {\n destinataire = 'production@radio-aviva.com';\n }\n }\n \n \/\/ V\u00e9rifier que l'adresse est valide\n if (!destinataire || !validateEmail(destinataire)) {\n alert('L\\'adresse e-mail du destinataire est invalide.');\n event.preventDefault(); \/\/ Emp\u00eache l'envoi du formulaire si l'adresse est invalide\n return false;\n }\n\n \/\/ Mettre \u00e0 jour le champ cach\u00e9 avec l'adresse du destinataire\n var emailField = document.querySelector('input[name=\"email_destinataire\"]');\n if (emailField) {\n emailField.value = destinataire;\n }\n\n console.log(\"Email destinataire mis \u00e0 jour : \" + destinataire);\n}, false);\n\n\/\/ Fonction de validation simple pour v\u00e9rifier les e-mails\nfunction validateEmail(email) {\n var re = \/^[a-zA-Z0-9._-]+@[a-zA-Z0-9.-]+\\.[a-zA-Z]{2,6}$\/;\n return re.test(String(email).toLowerCase());\n}\n<\/script>\n<\/p><div class=\"wpcf7-response-output\" aria-hidden=\"true\"><\/div>\n<\/form>\n<\/div>\n\t\t\t\t<\/div>\n\t\t\t\t<\/div>\n\t\t\t\t\t<\/div>\n\t\t<\/div>\n\t\t\t\t\t<\/div>\n\t\t<\/section>\n\t\t\t\t<section class=\"elementor-section elementor-top-section elementor-element elementor-element-bc28ee2 elementor-section-stretched elementor-section-full_width elementor-section-height-default elementor-section-height-default\" data-id=\"bc28ee2\" data-element_type=\"section\" data-e-type=\"section\" data-settings=\"{&quot;stretch_section&quot;:&quot;section-stretched&quot;}\">\n\t\t\t\t\t\t<div class=\"elementor-container elementor-column-gap-default\">\n\t\t\t\t\t<div class=\"elementor-column elementor-col-100 elementor-top-column elementor-element elementor-element-2f2c258\" data-id=\"2f2c258\" data-element_type=\"column\" data-e-type=\"column\">\n\t\t\t<div class=\"elementor-widget-wrap elementor-element-populated\">\n\t\t\t\t\t\t<div class=\"elementor-element elementor-element-2dd2257 elementor-widget elementor-widget-google_maps\" data-id=\"2dd2257\" data-element_type=\"widget\" data-e-type=\"widget\" data-widget_type=\"google_maps.default\">\n\t\t\t\t<div class=\"elementor-widget-container\">\n\t\t\t\t\t\t\t<div class=\"elementor-custom-embed\">\n\t\t\t<iframe loading=\"lazy\"\n\t\t\t\t\tsrc=\"https:\/\/www.google.com\/maps\/embed\/v1\/place?key=AIzaSyBXFaFbWsZ72fgSYOnzWzd-SWR9qA83O0I&#038;q=7%20RUE%20PIERRE%20TALRICH%20PERPIGNAN&#038;zoom=14\"\n\t\t\t\t\ttitle=\"7 RUE PIERRE TALRICH PERPIGNAN\"\n\t\t\t\t\taria-label=\"7 RUE PIERRE TALRICH PERPIGNAN\"\n\t\t\t><\/iframe>\n\t\t<\/div>\n\t\t\t\t\t\t<\/div>\n\t\t\t\t<\/div>\n\t\t\t\t\t<\/div>\n\t\t<\/div>\n\t\t\t\t\t<\/div>\n\t\t<\/section>\n\t\t\t\t<\/div>\n\t\t","protected":false},"excerpt":{"rendered":"<p>Si vous avez une question, une suggestion, un commentaire ou toute information \u00e0 partager avec nous, n&rsquo;h\u00e9sitez pas \u00e0 nous contacter par le biais du formulaire, par t\u00e9l\u00e9phone, ou en envoyant un e-mail \u00e0 l&rsquo;une des adresses suivantes : Pour toute demande concernant l&rsquo;antenne ou des invitations presse : redaction-perpignan@radio-aviva.com ...<\/p>\n","protected":false},"author":1,"featured_media":0,"parent":0,"menu_order":0,"comment_status":"closed","ping_status":"closed","template":"","meta":{"footnotes":""},"folder":[],"class_list":["post-4698","page","type-page","status-publish","hentry"],"_links":{"self":[{"href":"https:\/\/radio-aviva.com\/perpignan\/wp-json\/wp\/v2\/pages\/4698","targetHints":{"allow":["GET"]}}],"collection":[{"href":"https:\/\/radio-aviva.com\/perpignan\/wp-json\/wp\/v2\/pages"}],"about":[{"href":"https:\/\/radio-aviva.com\/perpignan\/wp-json\/wp\/v2\/types\/page"}],"author":[{"embeddable":true,"href":"https:\/\/radio-aviva.com\/perpignan\/wp-json\/wp\/v2\/users\/1"}],"replies":[{"embeddable":true,"href":"https:\/\/radio-aviva.com\/perpignan\/wp-json\/wp\/v2\/comments?post=4698"}],"version-history":[{"count":3,"href":"https:\/\/radio-aviva.com\/perpignan\/wp-json\/wp\/v2\/pages\/4698\/revisions"}],"predecessor-version":[{"id":10881,"href":"https:\/\/radio-aviva.com\/perpignan\/wp-json\/wp\/v2\/pages\/4698\/revisions\/10881"}],"wp:attachment":[{"href":"https:\/\/radio-aviva.com\/perpignan\/wp-json\/wp\/v2\/media?parent=4698"}],"wp:term":[{"taxonomy":"folder","embeddable":true,"href":"https:\/\/radio-aviva.com\/perpignan\/wp-json\/wp\/v2\/folder?post=4698"}],"curies":[{"name":"wp","href":"https:\/\/api.w.org\/{rel}","templated":true}]}}