{"id":6105,"date":"2022-12-22T21:14:48","date_gmt":"2022-12-22T20:14:48","guid":{"rendered":"https:\/\/radio-aviva.com\/perpignan\/mecenat-et-sponsoring\/"},"modified":"2025-03-05T16:41:18","modified_gmt":"2025-03-05T15:41:18","slug":"mecenat-et-sponsoring","status":"publish","type":"page","link":"https:\/\/radio-aviva.com\/perpignan\/mecenat-et-sponsoring\/","title":{"rendered":"M\u00e9c\u00e9nat et sponsoring"},"content":{"rendered":"\t\t<div data-elementor-type=\"wp-page\" data-elementor-id=\"6105\" class=\"elementor elementor-6105\">\n\t\t\t\t\t\t<section class=\"elementor-section elementor-top-section elementor-element elementor-element-505452e elementor-section-boxed elementor-section-height-default elementor-section-height-default\" data-id=\"505452e\" data-element_type=\"section\" data-e-type=\"section\">\n\t\t\t\t\t\t<div class=\"elementor-container elementor-column-gap-default\">\n\t\t\t\t\t<div class=\"elementor-column elementor-col-100 elementor-top-column elementor-element elementor-element-20aa8f3\" data-id=\"20aa8f3\" data-element_type=\"column\" data-e-type=\"column\">\n\t\t\t<div class=\"elementor-widget-wrap elementor-element-populated\">\n\t\t\t\t\t\t<div class=\"elementor-element elementor-element-8aaf4f0 elementor-widget elementor-widget-html\" data-id=\"8aaf4f0\" data-element_type=\"widget\" data-e-type=\"widget\" data-widget_type=\"html.default\">\n\t\t\t\t<div class=\"elementor-widget-container\">\n\t\t\t\t\t<!DOCTYPE html>\r\n<html lang=\"fr\">\r\n<head>\r\n    <meta charset=\"UTF-8\">\r\n    <meta name=\"viewport\" content=\"width=device-width, initial-scale=1.0\">\r\n    <title>Soutenez Radio Aviva<\/title>\r\n    <style>\r\n        @import url('https:\/\/fonts.googleapis.com\/css2?family=Poppins:ital,wght@0,100;0,200;0,300;0,400;0,500;0,600;0,700;0,800;0,900;1,100;1,200;1,300;1,400;1,500;1,600;1,700;1,800;1,900&display=swap');\r\n\r\n        \/* Style global *\/\r\n        body {\r\n            font-family: 'Poppins', sans-serif;\r\n            background-color: #121212; \/* Fond noir tr\u00e8s sombre *\/\r\n            color: #ECF0F1; \/* Blanc clair *\/\r\n            font-weight: 700;\r\n            padding: 20px;\r\n            overflow-x: hidden;\r\n        }\r\n\r\n        \/* Cibler uniquement la section don *\/\r\n        .don-page h1 {\r\n            font-size: 2.5rem;\r\n            color: #ECF0F1;\r\n            text-align: center;\r\n            margin-top: 50px;\r\n        }\r\n\r\n        .don-page p {\r\n            font-size: 1rem;\r\n            color: #ECF0F1;\r\n            line-height: 1.6;\r\n            text-align: center;\r\n            margin-bottom: 20px;\r\n        }\r\n\r\n        .don-page ul {\r\n            font-size: 1rem;\r\n            color: #ECF0F1;\r\n            list-style-type: none;\r\n            padding-left: 0;\r\n            margin: 20px 0;\r\n        }\r\n\r\n        .don-page ul li {\r\n            margin: 15px 0;\r\n        }\r\n\r\n        .don-page a {\r\n            color: #121212; \/* Fond noir pour le lien *\/\r\n            text-decoration: none;\r\n            background-color: #ECF0F1; \/* Fond blanc pour le lien *\/\r\n            padding: 5px 25px;\r\n            border-radius: 5px;\r\n            font-weight: bold;\r\n            text-align: center;\r\n            display: inline-block;\r\n            margin-top: 20px;\r\n            transition: all 0.3s ease;\r\n        }\r\n\r\n        .don-page a:hover {\r\n            background-color: #34495E; \/* Gris fonc\u00e9 pour un effet plus doux *\/\r\n            color: #ECF0F1; \/* Changer la couleur du texte lors du survol *\/\r\n            transform: scale(1.05);\r\n        }\r\n\r\n        .don-page a:focus {\r\n            outline: none;\r\n            box-shadow: 0 0 10px #ECF0F1; \/* Ombre lumineuse *\/\r\n        }\r\n\r\n        .don-page .home-img {\r\n            display: block;\r\n            margin: 30px auto;\r\n            text-align: center;\r\n        }\r\n\r\n        .don-page .home-img img {\r\n            width: 350px;\r\n            height: 350px;\r\n            object-fit: cover;\r\n            border-radius: 50%;\r\n        }\r\n\r\n        \/* Overlay pour effet de fond *\/\r\n        .overlay_second {\r\n            color: rgb(0, 0, 0);\r\n        }\r\n\r\n        \/* Ajouter une r\u00e8gle sp\u00e9cifique pour souligner le texte *\/\r\n        .don-page .u {\r\n            text-decoration: underline; \/* Souligner le texte *\/\r\n            color: #fff;\r\n            font-size: 25px;\r\n        }\r\n\r\n    <\/style>\r\n<\/head>\r\n<body>\r\n\r\n    <div class=\"overlay_second\"><\/div>\r\n\r\n    <main class=\"don-page\"> <!-- Ajout de la classe \"don-page\" pour isoler le style -->\r\n        <div class=\"home\">\r\n            <div class=\"home-information\">\r\n                <h1>Soutenez Radio Aviva<\/h1>\r\n               \r\n   \r\n    \r\n   \r\n\r\n        <section class=\"sponsor-section\">\r\n            <br><br>\r\n\r\n  <p class=\"u\">Devenez sponsor ou m\u00e9c\u00e8ne de Radio Aviva<\/p>\r\n\r\n            <p><strong>Radio Aviva est \u00e9cout\u00e9e par deux cibles principales :<\/strong><\/p>\r\n            <ul>\r\n                <li>En journ\u00e9e, de 6 heures \u00e0 20 heures par un public compos\u00e9 de 35 ans et +<\/li>\r\n                <li>La nuit, de 20 heures \u00e0 6 heures par un public essentiellement jeune, \u00e2g\u00e9 de 13 \u00e0 34 ans.<\/li>\r\n            <\/ul>\r\n            \r\n            \r\n             <p class=\"u\">Devenez sponsor de Radio Aviva<\/p>\r\n\r\n           \r\n            <ul>\r\n                <li>C'est gagner en visibilit\u00e9 gr\u00e2ce au rayonnement d'un m\u00e9dia ind\u00e9pendant inscrit au c\u0153ur de la vie locale.<\/li>\r\n                <li>Permettre \u00e0 Radio Aviva de donner la parole \u00e0 tous les horizons culturels.<\/li>\r\n                <li>C'est b\u00e9n\u00e9ficier des publics vari\u00e9s de Radio Aviva.<\/li>\r\n                <li>C'est associer votre image \u00e0 l'une des \u00e9missions th\u00e9matiques produites par Radio Aviva (Sant\u00e9, Nutrition, Environnement...).<\/li>\r\n            <\/ul>\r\n\r\n            \r\n                 <p class=\"u\">Devenez m\u00e9c\u00e8ne de Radio Aviva<\/p>\r\n        \r\n            <ul>\r\n                <li>C'est participer \u00e0 nos efforts de communication sociale de proximit\u00e9.<\/li>\r\n                <li>C'est favoriser la pluralit\u00e9.<\/li>\r\n                <li>C'est soutenir notre engagement pour rendre la culture accessible \u00e0 tous.<\/li>\r\n                <li>C'est encourager nos actions p\u00e9dagogiques vers les jeunes sur les questions de soci\u00e9t\u00e9.<\/li>\r\n                <li>C'est b\u00e9n\u00e9ficier d'avantages fiscaux li\u00e9s au m\u00e9c\u00e9nat.<\/li>\r\n            <\/ul>\r\n\r\n            <p>Pour devenir sponsor ou m\u00e9c\u00e8ne de Radio Aviva, contactez-nous : <a href=\"mailto:communications@radio-aviva.com\">communications@radio-aviva.com<\/a><\/p>\r\n        <\/section>\r\n    <\/main>\r\n\r\n<\/body>\r\n<\/html>\r\n\t\t\t\t<\/div>\n\t\t\t\t<\/div>\n\t\t\t\t\t<\/div>\n\t\t<\/div>\n\t\t\t\t\t<\/div>\n\t\t<\/section>\n\t\t\t\t<\/div>\n\t\t","protected":false},"excerpt":{"rendered":"<p>Soutenez Radio Aviva Soutenez Radio Aviva Devenez sponsor ou m\u00e9c\u00e8ne de Radio Aviva Radio Aviva est \u00e9cout\u00e9e par deux cibles principales : En journ\u00e9e, de 6 heures \u00e0 20 heures par un public compos\u00e9 de 35 ans et + La nuit, de 20 heures \u00e0 6 heures par un public ...<\/p>\n","protected":false},"author":1,"featured_media":0,"parent":0,"menu_order":0,"comment_status":"closed","ping_status":"open","template":"","meta":{"footnotes":""},"folder":[],"class_list":["post-6105","page","type-page","status-publish","hentry"],"_links":{"self":[{"href":"https:\/\/radio-aviva.com\/perpignan\/wp-json\/wp\/v2\/pages\/6105","targetHints":{"allow":["GET"]}}],"collection":[{"href":"https:\/\/radio-aviva.com\/perpignan\/wp-json\/wp\/v2\/pages"}],"about":[{"href":"https:\/\/radio-aviva.com\/perpignan\/wp-json\/wp\/v2\/types\/page"}],"author":[{"embeddable":true,"href":"https:\/\/radio-aviva.com\/perpignan\/wp-json\/wp\/v2\/users\/1"}],"replies":[{"embeddable":true,"href":"https:\/\/radio-aviva.com\/perpignan\/wp-json\/wp\/v2\/comments?post=6105"}],"version-history":[{"count":3,"href":"https:\/\/radio-aviva.com\/perpignan\/wp-json\/wp\/v2\/pages\/6105\/revisions"}],"predecessor-version":[{"id":10891,"href":"https:\/\/radio-aviva.com\/perpignan\/wp-json\/wp\/v2\/pages\/6105\/revisions\/10891"}],"wp:attachment":[{"href":"https:\/\/radio-aviva.com\/perpignan\/wp-json\/wp\/v2\/media?parent=6105"}],"wp:term":[{"taxonomy":"folder","embeddable":true,"href":"https:\/\/radio-aviva.com\/perpignan\/wp-json\/wp\/v2\/folder?post=6105"}],"curies":[{"name":"wp","href":"https:\/\/api.w.org\/{rel}","templated":true}]}}