{"id":6125,"date":"2022-12-23T16:16:11","date_gmt":"2022-12-23T15:16:11","guid":{"rendered":"https:\/\/radio-aviva.com\/perpignan\/offres-de-stage\/"},"modified":"2023-02-04T15:02:43","modified_gmt":"2023-02-04T14:02:43","slug":"offres-de-stage","status":"publish","type":"page","link":"https:\/\/radio-aviva.com\/perpignan\/offres-de-stage\/","title":{"rendered":"Offres de stage"},"content":{"rendered":"<h3 style=\"text-align: center;\">Vous \u00eates \u00e9tudiant et \u00e0 la recherche d&rsquo;un stage, venez rejoindre l&rsquo;\u00e9quipe de Radio Aviva pour enrichir votre exp\u00e9rience.<\/h3>\n<h3 style=\"text-align: center;\"><span style=\"color: #ff0000;\">Dur\u00e9e du stage limit\u00e9e \u00e0 8 semaines.<\/span><\/h3>\n<hr \/>\n<h3><strong>TECHNIQUE DU SON \/ SOUND DESIGN<\/strong><\/h3>\n<hr \/>\n<p>Missions :<\/p>\n<ul>\n<li>Enregistrement d&rsquo;\u00e9missions<\/li>\n<li>Montage d&rsquo;\u00e9missions<\/li>\n<li>Production de jingles<\/li>\n<li>R\u00e9alisation d&rsquo;\u00e9missions en direct<\/li>\n<li>&#8230;<\/li>\n<\/ul>\n<p style=\"text-align: right;\"><em>Envoyez votre CV et Lettre de Motivation ? l&rsquo;adresse <a href=\"mailto:administration@radio-aviva.com\">administration@radio-aviva.com<\/a><\/em><\/p>\n<hr \/>\n<h3><strong>ASSISTANT COMMUNICATION<\/strong><\/h3>\n<hr \/>\n<p>Missions :<\/p>\n<ul>\n<li>Conception de messages promotionnels<\/li>\n<li>Community Management<\/li>\n<li>Gestion du club des auditeurs<\/li>\n<li>Aide \u00e0 la mise en place de partenariats<\/li>\n<li>Animation du Site Internet<\/li>\n<li>R\u00e9alisation de visuels<\/li>\n<li>&#8230;<\/li>\n<\/ul>\n<p style=\"text-align: right;\"><em>Envoyez votre CV et Lettre de Motivation ? l&rsquo;adresse <a href=\"mailto:administration@radio-aviva.com\">administration@radio-aviva.com<\/a><\/em><\/p>\n<hr \/>\n<h3><strong>JOURNALISTE<\/strong><\/h3>\n<hr \/>\n<p>Missions :<\/p>\n<ul>\n<li>Interviews d&rsquo;intervenants ou personnalit?s en rapport avec l&rsquo;actualit\u00e9<\/li>\n<li>Interviews d&rsquo;artistes sur leur actualit\u00e9<\/li>\n<li>Interviews d&rsquo;associations<\/li>\n<li>Aide \u00e0 la r\u00e9daction de sujets pour le journal<\/li>\n<li>&#8230;<\/li>\n<\/ul>\n<p style=\"text-align: right;\"><em>Envoyez votre CV et Lettre de Motivation ? l&rsquo;adresse <a href=\"mailto:administration@radio-aviva.com\">administration@radio-aviva.com<\/a><\/em><\/p>\n","protected":false},"excerpt":{"rendered":"<p>Vous \u00eates \u00e9tudiant et \u00e0 la recherche d&rsquo;un stage, venez rejoindre l&rsquo;\u00e9quipe de Radio Aviva pour enrichir votre exp\u00e9rience. Dur\u00e9e du stage limit\u00e9e \u00e0 8 semaines. TECHNIQUE DU SON \/ SOUND DESIGN Missions : Enregistrement d&rsquo;\u00e9missions Montage d&rsquo;\u00e9missions Production de jingles R\u00e9alisation d&rsquo;\u00e9missions en direct &#8230; Envoyez votre CV et ...<\/p>\n","protected":false},"author":1,"featured_media":0,"parent":0,"menu_order":0,"comment_status":"closed","ping_status":"open","template":"","meta":{"footnotes":""},"folder":[],"class_list":["post-6125","page","type-page","status-publish","hentry"],"_links":{"self":[{"href":"https:\/\/radio-aviva.com\/perpignan\/wp-json\/wp\/v2\/pages\/6125","targetHints":{"allow":["GET"]}}],"collection":[{"href":"https:\/\/radio-aviva.com\/perpignan\/wp-json\/wp\/v2\/pages"}],"about":[{"href":"https:\/\/radio-aviva.com\/perpignan\/wp-json\/wp\/v2\/types\/page"}],"author":[{"embeddable":true,"href":"https:\/\/radio-aviva.com\/perpignan\/wp-json\/wp\/v2\/users\/1"}],"replies":[{"embeddable":true,"href":"https:\/\/radio-aviva.com\/perpignan\/wp-json\/wp\/v2\/comments?post=6125"}],"version-history":[{"count":0,"href":"https:\/\/radio-aviva.com\/perpignan\/wp-json\/wp\/v2\/pages\/6125\/revisions"}],"wp:attachment":[{"href":"https:\/\/radio-aviva.com\/perpignan\/wp-json\/wp\/v2\/media?parent=6125"}],"wp:term":[{"taxonomy":"folder","embeddable":true,"href":"https:\/\/radio-aviva.com\/perpignan\/wp-json\/wp\/v2\/folder?post=6125"}],"curies":[{"name":"wp","href":"https:\/\/api.w.org\/{rel}","templated":true}]}}